{"id":7,"date":"2018-11-26T12:45:57","date_gmt":"2018-11-26T11:45:57","guid":{"rendered":"https:\/\/webfox.hu\/aquacut\/about\/"},"modified":"2023-11-12T13:48:27","modified_gmt":"2023-11-12T12:48:27","slug":"rolunk","status":"publish","type":"page","link":"https:\/\/aquacut.hu\/de\/rolunk\/","title":{"rendered":"\u00dcber uns"},"content":{"rendered":"<div data-elementor-type=\"wp-post\" data-elementor-id=\"7\" class=\"elementor elementor-7\" data-elementor-post-type=\"page\">\n\t\t\t\t\t\t\t\t\t<section data-dce-background-image-url=\"https:\/\/aquacut.hu\/wp-content\/uploads\/2023\/09\/20200422_1652210-1-scaled.jpg\" class=\"elementor-section elementor-top-section elementor-element elementor-element-1b5d768b elementor-section-content-middle elementor-section-boxed elementor-section-height-default elementor-section-height-default\" data-id=\"1b5d768b\" data-element_type=\"section\" data-settings=\"{&quot;background_background&quot;:&quot;classic&quot;}\">\n\t\t\t\t\t\t\t<div class=\"elementor-background-overlay\"><\/div>\n\t\t\t\t\t\t\t<div class=\"elementor-container elementor-column-gap-no\">\n\t\t\t\t\t<div class=\"elementor-column elementor-col-100 elementor-top-column elementor-element elementor-element-1608c15b\" data-id=\"1608c15b\" data-element_type=\"column\">\n\t\t\t<div class=\"elementor-widget-wrap elementor-element-populated\">\n\t\t\t\t\t\t\t\t<div class=\"elementor-element elementor-element-321a34b8 elementor-widget elementor-widget-heading\" data-id=\"321a34b8\" data-element_type=\"widget\" data-widget_type=\"heading.default\">\n\t\t\t\t<div class=\"elementor-widget-container\">\n\t\t\t<style>\/*! elementor - v3.16.0 - 20-09-2023 *\/\n.elementor-heading-title{padding:0;margin:0;line-height:1}.elementor-widget-heading .elementor-heading-title[class*=elementor-size-]>a{color:inherit;font-size:inherit;line-height:inherit}.elementor-widget-heading .elementor-heading-title.elementor-size-small{font-size:15px}.elementor-widget-heading .elementor-heading-title.elementor-size-medium{font-size:19px}.elementor-widget-heading .elementor-heading-title.elementor-size-large{font-size:29px}.elementor-widget-heading .elementor-heading-title.elementor-size-xl{font-size:39px}.elementor-widget-heading .elementor-heading-title.elementor-size-xxl{font-size:59px}<\/style><h1 class=\"elementor-heading-title elementor-size-default\">\u00dcber uns<\/h1>\t\t<\/div>\n\t\t\t\t<\/div>\n\t\t\t\t\t<\/div>\n\t\t<\/div>\n\t\t\t\t\t\t\t<\/div>\n\t\t<\/section>\n\t\t<div data-dce-background-color=\"#FFFFFF\" data-dce-background-overlay-color=\"#FFFFFF\" data-dce-background-image-url=\"https:\/\/webfox.hu\/aquacut\/wp-content\/uploads\/2023\/09\/Aquacut.png\" class=\"elementor-element elementor-element-ed4746b e-flex e-con-boxed e-con e-parent\" data-id=\"ed4746b\" data-element_type=\"container\" data-settings=\"{&quot;background_background&quot;:&quot;classic&quot;,&quot;content_width&quot;:&quot;boxed&quot;}\" data-core-v316-plus=\"true\">\n\t\t\t\t\t<div class=\"e-con-inner\">\n\t\t<div class=\"elementor-element elementor-element-eeda724 e-con-full e-flex e-con e-child\" data-id=\"eeda724\" data-element_type=\"container\" data-settings=\"{&quot;content_width&quot;:&quot;full&quot;}\">\n\t\t\t\t<div class=\"elementor-element elementor-element-2842628 align-center elementor-widget elementor-widget-dyncontel-svgimagemask\" data-id=\"2842628\" data-element_type=\"widget\" data-settings=\"{&quot;mask_shape_type&quot;:&quot;hexagon&quot;}\" data-widget_type=\"dyncontel-svgimagemask.default\">\n\t\t\t\t<div class=\"elementor-widget-container\">\n\t\t\t<div class=\"dce_imagemask-wrapper\">\n\t\t<svg id=\"dce-svg-2842628\" class=\"dce-svg-imagemask\" xmlns=\"http:\/\/www.w3.org\/2000\/svg\" width=\"100%\" height=\"100%\" viewbox=\"0 0 600 600\" preserveaspectratio=\"xMidYMid slice\">\n\n\t\t\t<defs>\n\t\t\t\t<mask id=\"image-mask-2842628\"maskunits=\"userSpaceOnUse\" maskcontentunits=\"userSpaceOnUse\" preserveaspectratio=\"xMidYMid slice\">\n\t\t\t\t\t\t\t\t\t\t\t<polygon id=\"outer\" points=\"446.3,0 148.8,0 0,257.7 148.8,515.3 446.3,515.3 595,257.7 \" fill=\"white\"\/>\n\t\t\t\t\t\t\t\t\t\t<\/mask>\n\t\t\t<\/defs>\n\t\t\t\t\t\t\t<image width=\"100%\" height=\"100%\" preserveaspectratio=\"xMidYMid slice\" xlink:href=\"https:\/\/aquacut.hu\/wp-content\/uploads\/2023\/09\/IMG_9523-scaled.jpg\" mask=\"url(#image-mask-2842628)\"><\/image>\n\t\t\t\t\t\t<style>\n\t\t\t\t\t\t\t#dce-svg-2842628{\n\t\t\t\t\tmax-width: 600px;\n\t\t\t\t}\n\t\t\t\t\t\t<\/style>\n\t\t<\/svg>\n\t\t<\/div>\t\t<\/div>\n\t\t\t\t<\/div>\n\t\t\t\t<\/div>\n\t\t<div class=\"elementor-element elementor-element-9ecd635 e-con-full e-flex e-con e-child\" data-id=\"9ecd635\" data-element_type=\"container\" data-settings=\"{&quot;content_width&quot;:&quot;full&quot;}\">\n\t\t\t\t<div class=\"elementor-element elementor-element-aba1dfd elementor-widget elementor-widget-text-editor\" data-id=\"aba1dfd\" data-element_type=\"widget\" data-widget_type=\"text-editor.default\">\n\t\t\t\t<div class=\"elementor-widget-container\">\n\t\t\t<style>\/*! elementor - v3.16.0 - 20-09-2023 *\/\n.elementor-widget-text-editor.elementor-drop-cap-view-stacked .elementor-drop-cap{background-color:#69727d;color:#fff}.elementor-widget-text-editor.elementor-drop-cap-view-framed .elementor-drop-cap{color:#69727d;border:3px solid;background-color:transparent}.elementor-widget-text-editor:not(.elementor-drop-cap-view-default) .elementor-drop-cap{margin-top:8px}.elementor-widget-text-editor:not(.elementor-drop-cap-view-default) .elementor-drop-cap-letter{width:1em;height:1em}.elementor-widget-text-editor .elementor-drop-cap{float:left;text-align:center;line-height:1;font-size:50px}.elementor-widget-text-editor .elementor-drop-cap-letter{display:inline-block}<\/style>\t\t\t\t<p>Ich bin Bal\u00e1zs Till, der gesch\u00e4ftsf\u00fchrende Inhaber der Aquacut Kft. Vielen Dank, dass Sie sich unser Einf\u00fchrungsmaterial angesehen haben!<\/p><p>\u00a0<\/p><p>Wir wollen uns zu einem Unternehmen entwickeln, das sich f\u00fcr Exzellenz und Innovation einsetzt und in dem wir in einem vertrauten Umfeld mit ehrlicher und offener Kommunikation zum Wohle von uns und unseren Mitarbeitern zusammenarbeiten k\u00f6nnen. Mit unserem sozialen Engagement wollen wir in der Subregion B\u00f3ly Mehrwert schaffen, damit die hier aufwachsende Generation in einer vielf\u00e4ltigeren, lebendigeren und gr\u00fcneren Umgebung leben kann.<\/p>\t\t\t\t\t\t<\/div>\n\t\t\t\t<\/div>\n\t\t\t\t<\/div>\n\t\t\t\t\t<\/div>\n\t\t\t\t<\/div>\n\t\t<div class=\"elementor-element elementor-element-830ed97 elementor-hidden-mobile e-flex e-con-boxed e-con e-parent\" data-id=\"830ed97\" data-element_type=\"container\" data-settings=\"{&quot;background_background&quot;:&quot;classic&quot;,&quot;content_width&quot;:&quot;boxed&quot;}\" data-core-v316-plus=\"true\">\n\t\t\t\t\t<div class=\"e-con-inner\">\n\t\t<div class=\"elementor-element elementor-element-30308aa e-con-full e-flex e-con e-child\" data-id=\"30308aa\" data-element_type=\"container\" data-settings=\"{&quot;content_width&quot;:&quot;full&quot;}\">\n\t\t\t\t<div class=\"elementor-element elementor-element-b8d7a29 elementor-widget elementor-widget-text-editor\" data-id=\"b8d7a29\" data-element_type=\"widget\" data-widget_type=\"text-editor.default\">\n\t\t\t\t<div class=\"elementor-widget-container\">\n\t\t\t\t\t\t\t<p>AquaCut Kft. nahm seinen Betrieb im Jahr 2003 auf. Wir entwickeln unser Unternehmen st\u00e4ndig weiter, um den Bed\u00fcrfnissen unserer Kunden auf hohem Niveau und umfassend gerecht zu werden. Unsere Qualit\u00e4tssicherungssysteme (ISO 9001; ISO 14001; ISO 45001; ISO 3834-2; ISO 1090-2 EXC-3), unsere Pr\u00e4zision und das Fachwissen unserer Kollegen garantieren die einwandfreie Qualit\u00e4t der von uns hergestellten Strukturen, Ger\u00e4te und Teile.<\/p><p>Unser Unternehmen ist ein zu 100 % in ungarischem Besitz befindliches Familienunternehmen, das an zwei Standorten 20 Mitarbeiter besch\u00e4ftigt.<\/p>\t\t\t\t\t\t<\/div>\n\t\t\t\t<\/div>\n\t\t\t\t<\/div>\n\t\t<div class=\"elementor-element elementor-element-b891047 e-con-full e-flex e-con e-child\" data-id=\"b891047\" data-element_type=\"container\" data-settings=\"{&quot;content_width&quot;:&quot;full&quot;}\">\n\t\t\t\t<div class=\"elementor-element elementor-element-9c1b03e dce_masking-none elementor-widget elementor-widget-image\" data-id=\"9c1b03e\" data-element_type=\"widget\" data-widget_type=\"image.default\">\n\t\t\t\t<div class=\"elementor-widget-container\">\n\t\t\t<style>\/*! elementor - v3.16.0 - 20-09-2023 *\/\n.elementor-widget-image{text-align:center}.elementor-widget-image a{display:inline-block}.elementor-widget-image a img[src$=\".svg\"]{width:48px}.elementor-widget-image img{vertical-align:middle;display:inline-block}<\/style>\t\t\t\t\t\t\t\t\t\t\t\t<img loading=\"lazy\" decoding=\"async\" width=\"517\" height=\"495\" src=\"https:\/\/aquacut.hu\/wp-content\/uploads\/2023\/09\/Rolunk-3.png\" class=\"attachment-large size-large wp-image-1622\" alt=\"\" srcset=\"https:\/\/aquacut.hu\/wp-content\/uploads\/2023\/09\/Rolunk-3.png 517w, https:\/\/aquacut.hu\/wp-content\/uploads\/2023\/09\/Rolunk-3-300x287.png 300w, https:\/\/aquacut.hu\/wp-content\/uploads\/2023\/09\/Rolunk-3-13x12.png 13w\" sizes=\"auto, (max-width: 517px) 100vw, 517px\" \/>\t\t\t\t\t\t\t\t\t\t\t\t\t\t\t<\/div>\n\t\t\t\t<\/div>\n\t\t\t\t<\/div>\n\t\t\t\t\t<\/div>\n\t\t\t\t<\/div>\n\t\t<div class=\"elementor-element elementor-element-80ad3c5 elementor-hidden-desktop elementor-hidden-tablet e-flex e-con-boxed e-con e-parent\" data-id=\"80ad3c5\" data-element_type=\"container\" data-settings=\"{&quot;content_width&quot;:&quot;boxed&quot;}\" data-core-v316-plus=\"true\">\n\t\t\t\t\t<div class=\"e-con-inner\">\n\t\t\t\t<div class=\"elementor-element elementor-element-c9e3c03 elementor-widget elementor-widget-text-editor\" data-id=\"c9e3c03\" data-element_type=\"widget\" data-widget_type=\"text-editor.default\">\n\t\t\t\t<div class=\"elementor-widget-container\">\n\t\t\t\t\t\t\t<p>Az AquaCut Kft. 2003-ban kezdte meg m\u0171k\u00f6d\u00e9s\u00e9t. C\u00e9g\u00fcnket megrendel\u0151i ig\u00e9nyek magasfok\u00fa \u00e9s sz\u00e9lesk\u00f6r\u0171 kiszolg\u00e1l\u00e1sa \u00e9rdek\u00e9ben folyamatosan fejlesztj\u00fck.<\/p>\t\t\t\t\t\t<\/div>\n\t\t\t\t<\/div>\n\t\t\t\t\t<\/div>\n\t\t\t\t<\/div>\n\t\t<div class=\"elementor-element elementor-element-88a7060 elementor-hidden-desktop elementor-hidden-tablet e-flex e-con-boxed e-con e-parent\" data-id=\"88a7060\" data-element_type=\"container\" data-settings=\"{&quot;content_width&quot;:&quot;boxed&quot;}\" data-core-v316-plus=\"true\">\n\t\t\t\t\t<div class=\"e-con-inner\">\n\t\t\t\t<div class=\"elementor-element elementor-element-0e18750 elementor-widget-mobile__width-initial align-left elementor-widget elementor-widget-dyncontel-svgimagemask\" data-id=\"0e18750\" data-element_type=\"widget\" data-settings=\"{&quot;mask_shape_type&quot;:&quot;hexagon&quot;}\" data-widget_type=\"dyncontel-svgimagemask.default\">\n\t\t\t\t<div class=\"elementor-widget-container\">\n\t\t\t<div class=\"dce_imagemask-wrapper\">\n\t\t<svg id=\"dce-svg-0e18750\" class=\"dce-svg-imagemask\" xmlns=\"http:\/\/www.w3.org\/2000\/svg\" width=\"100%\" height=\"100%\" viewbox=\"0 0 600 600\" preserveaspectratio=\"xMidYMid slice\">\n\n\t\t\t<defs>\n\t\t\t\t<mask id=\"image-mask-0e18750\"maskunits=\"userSpaceOnUse\" maskcontentunits=\"userSpaceOnUse\" preserveaspectratio=\"xMidYMid slice\">\n\t\t\t\t\t\t\t\t\t\t\t<polygon id=\"outer\" points=\"446.3,0 148.8,0 0,257.7 148.8,515.3 446.3,515.3 595,257.7 \" fill=\"white\"\/>\n\t\t\t\t\t\t\t\t\t\t<\/mask>\n\t\t\t<\/defs>\n\t\t\t\t\t\t\t<image width=\"100%\" height=\"100%\" preserveaspectratio=\"xMidYMid slice\" xlink:href=\"https:\/\/aquacut.hu\/wp-content\/uploads\/2023\/09\/IMG_9394-scaled.jpg\" mask=\"url(#image-mask-0e18750)\"><\/image>\n\t\t\t\t\t\t<style>\n\t\t\t\t\t\t<\/style>\n\t\t<\/svg>\n\t\t<\/div>\t\t<\/div>\n\t\t\t\t<\/div>\n\t\t\t\t\t<\/div>\n\t\t\t\t<\/div>\n\t\t<div class=\"elementor-element elementor-element-33b03ff elementor-hidden-desktop elementor-hidden-tablet e-flex e-con-boxed e-con e-parent\" data-id=\"33b03ff\" data-element_type=\"container\" data-settings=\"{&quot;content_width&quot;:&quot;boxed&quot;}\" data-core-v316-plus=\"true\">\n\t\t\t\t\t<div class=\"e-con-inner\">\n\t\t\t\t<div class=\"elementor-element elementor-element-eb7aa8c elementor-widget elementor-widget-text-editor\" data-id=\"eb7aa8c\" data-element_type=\"widget\" data-widget_type=\"text-editor.default\">\n\t\t\t\t<div class=\"elementor-widget-container\">\n\t\t\t\t\t\t\t<p>Min\u0151s\u00e9gbiztos\u00edt\u00e1si rendszereink (ISO 9001; ISO 14001; ISO 45001; ISO 3834-2; ISO 1090-2 EXC-3), precizit\u00e1sunk \u00e9s koll\u00e9g\u00e1ink szak\u00e9rtelme garant\u00e1lja az \u00e1ltalunk gy\u00e1rtott szerkezetek, k\u00e9sz\u00fcl\u00e9kek \u00e9s alkatr\u00e9szek kifog\u00e1stalan min\u0151s\u00e9g\u00e9t.<\/p>\t\t\t\t\t\t<\/div>\n\t\t\t\t<\/div>\n\t\t\t\t\t<\/div>\n\t\t\t\t<\/div>\n\t\t<div class=\"elementor-element elementor-element-71f9fc4 elementor-hidden-desktop elementor-hidden-tablet e-flex e-con-boxed e-con e-parent\" data-id=\"71f9fc4\" data-element_type=\"container\" data-settings=\"{&quot;content_width&quot;:&quot;boxed&quot;}\" data-core-v316-plus=\"true\">\n\t\t\t\t\t<div class=\"e-con-inner\">\n\t\t\t\t<div class=\"elementor-element elementor-element-8827617 elementor-widget-mobile__width-initial align-left elementor-widget elementor-widget-dyncontel-svgimagemask\" data-id=\"8827617\" data-element_type=\"widget\" data-settings=\"{&quot;mask_shape_type&quot;:&quot;hexagon&quot;}\" data-widget_type=\"dyncontel-svgimagemask.default\">\n\t\t\t\t<div class=\"elementor-widget-container\">\n\t\t\t<div class=\"dce_imagemask-wrapper\">\n\t\t<svg id=\"dce-svg-8827617\" class=\"dce-svg-imagemask\" xmlns=\"http:\/\/www.w3.org\/2000\/svg\" width=\"100%\" height=\"100%\" viewbox=\"0 0 600 600\" preserveaspectratio=\"xMidYMid slice\">\n\n\t\t\t<defs>\n\t\t\t\t<mask id=\"image-mask-8827617\"maskunits=\"userSpaceOnUse\" maskcontentunits=\"userSpaceOnUse\" preserveaspectratio=\"xMidYMid slice\">\n\t\t\t\t\t\t\t\t\t\t\t<polygon id=\"outer\" points=\"446.3,0 148.8,0 0,257.7 148.8,515.3 446.3,515.3 595,257.7 \" fill=\"white\"\/>\n\t\t\t\t\t\t\t\t\t\t<\/mask>\n\t\t\t<\/defs>\n\t\t\t\t\t\t\t<image width=\"100%\" height=\"100%\" preserveaspectratio=\"xMidYMid slice\" xlink:href=\"https:\/\/aquacut.hu\/wp-content\/uploads\/2023\/09\/DSC_0979-1-scaled.jpg\" mask=\"url(#image-mask-8827617)\"><\/image>\n\t\t\t\t\t\t<style>\n\t\t\t\t\t\t<\/style>\n\t\t<\/svg>\n\t\t<\/div>\t\t<\/div>\n\t\t\t\t<\/div>\n\t\t\t\t\t<\/div>\n\t\t\t\t<\/div>\n\t\t<div class=\"elementor-element elementor-element-89cf874 elementor-hidden-desktop elementor-hidden-tablet e-flex e-con-boxed e-con e-parent\" data-id=\"89cf874\" data-element_type=\"container\" data-settings=\"{&quot;content_width&quot;:&quot;boxed&quot;}\" data-core-v316-plus=\"true\">\n\t\t\t\t\t<div class=\"e-con-inner\">\n\t\t\t\t<div class=\"elementor-element elementor-element-f246492 elementor-widget elementor-widget-text-editor\" data-id=\"f246492\" data-element_type=\"widget\" data-widget_type=\"text-editor.default\">\n\t\t\t\t<div class=\"elementor-widget-container\">\n\t\t\t\t\t\t\t<p>Unser Unternehmen ist ein zu 100 % in ungarischem Besitz befindliches Familienunternehmen, das an zwei Standorten 20 Mitarbeiter besch\u00e4ftigt.<\/p>\t\t\t\t\t\t<\/div>\n\t\t\t\t<\/div>\n\t\t\t\t\t<\/div>\n\t\t\t\t<\/div>\n\t\t<div class=\"elementor-element elementor-element-95e0852 elementor-hidden-desktop elementor-hidden-tablet e-flex e-con-boxed e-con e-parent\" data-id=\"95e0852\" data-element_type=\"container\" data-settings=\"{&quot;content_width&quot;:&quot;boxed&quot;}\" data-core-v316-plus=\"true\">\n\t\t\t\t\t<div class=\"e-con-inner\">\n\t\t\t\t<div class=\"elementor-element elementor-element-b96e167 elementor-widget-mobile__width-initial align-left elementor-widget elementor-widget-dyncontel-svgimagemask\" data-id=\"b96e167\" data-element_type=\"widget\" data-settings=\"{&quot;mask_shape_type&quot;:&quot;hexagon&quot;}\" data-widget_type=\"dyncontel-svgimagemask.default\">\n\t\t\t\t<div class=\"elementor-widget-container\">\n\t\t\t<div class=\"dce_imagemask-wrapper\">\n\t\t<svg id=\"dce-svg-b96e167\" class=\"dce-svg-imagemask\" xmlns=\"http:\/\/www.w3.org\/2000\/svg\" width=\"100%\" height=\"100%\" viewbox=\"0 0 600 600\" preserveaspectratio=\"xMidYMid slice\">\n\n\t\t\t<defs>\n\t\t\t\t<mask id=\"image-mask-b96e167\"maskunits=\"userSpaceOnUse\" maskcontentunits=\"userSpaceOnUse\" preserveaspectratio=\"xMidYMid slice\">\n\t\t\t\t\t\t\t\t\t\t\t<polygon id=\"outer\" points=\"446.3,0 148.8,0 0,257.7 148.8,515.3 446.3,515.3 595,257.7 \" fill=\"white\"\/>\n\t\t\t\t\t\t\t\t\t\t<\/mask>\n\t\t\t<\/defs>\n\t\t\t\t\t\t\t<image width=\"100%\" height=\"100%\" preserveaspectratio=\"xMidYMid slice\" xlink:href=\"https:\/\/aquacut.hu\/wp-content\/uploads\/2023\/09\/DSC_0957-1-scaled.jpg\" mask=\"url(#image-mask-b96e167)\"><\/image>\n\t\t\t\t\t\t<style>\n\t\t\t\t\t\t<\/style>\n\t\t<\/svg>\n\t\t<\/div>\t\t<\/div>\n\t\t\t\t<\/div>\n\t\t\t\t\t<\/div>\n\t\t\t\t<\/div>\n\t\t<div class=\"elementor-element elementor-element-dc98025 e-con-full e-flex e-con e-parent\" data-id=\"dc98025\" data-element_type=\"container\" data-settings=\"{&quot;content_width&quot;:&quot;full&quot;,&quot;background_background&quot;:&quot;classic&quot;}\" data-core-v316-plus=\"true\">\n\t\t\t\t<div class=\"elementor-element elementor-element-bf05cf8 dce_masking-none elementor-widget elementor-widget-image\" data-id=\"bf05cf8\" data-element_type=\"widget\" data-widget_type=\"image.default\">\n\t\t\t\t<div class=\"elementor-widget-container\">\n\t\t\t\t\t\t\t\t\t\t\t\t\t\t\t<img loading=\"lazy\" decoding=\"async\" width=\"1024\" height=\"156\" src=\"https:\/\/aquacut.hu\/wp-content\/uploads\/2023\/10\/min-1-1024x156.png\" class=\"attachment-large size-large wp-image-1756\" alt=\"\" srcset=\"https:\/\/aquacut.hu\/wp-content\/uploads\/2023\/10\/min-1-1024x156.png 1024w, https:\/\/aquacut.hu\/wp-content\/uploads\/2023\/10\/min-1-300x46.png 300w, https:\/\/aquacut.hu\/wp-content\/uploads\/2023\/10\/min-1-768x117.png 768w, https:\/\/aquacut.hu\/wp-content\/uploads\/2023\/10\/min-1-18x3.png 18w, https:\/\/aquacut.hu\/wp-content\/uploads\/2023\/10\/min-1.png 1208w\" sizes=\"auto, (max-width: 1024px) 100vw, 1024px\" \/>\t\t\t\t\t\t\t\t\t\t\t\t\t\t\t<\/div>\n\t\t\t\t<\/div>\n\t\t\t\t<\/div>\n\t\t\t\t\t\t\t<\/div>","protected":false},"excerpt":{"rendered":"<p>R\u00f3lunk Till Bal\u00e1zs vagyok, az Aquacut Kft. \u00fcgyvezet\u0151 tulajdonosa. K\u00f6sz\u00f6n\u00f6m, hogy megtekinti bemutatkoz\u00f3 anyagunkat! \u00a0 A kiv\u00e1l\u00f3s\u00e1g \u00e9s az innov\u00e1ci\u00f3 ir\u00e1nt elk\u00f6telezett v\u00e1llalkoz\u00e1ss\u00e1 szeretn\u00e9nk fejl\u0151dni, ahol csal\u00e1dias k\u00f6rnyezetben, \u0151szinte \u00e9s ny\u00edlt kommunik\u00e1ci\u00f3val tudunk egy\u00fctt dolgozni a saj\u00e1t \u00e9s dolgoz\u00f3ink j\u00f3l\u00e9te \u00e9rdek\u00e9ben. T\u00e1rsadalmi szerepv\u00e1llal\u00e1sunkkal \u00e9rt\u00e9ket szeretn\u00e9nk teremteni a b\u00f3lyi kist\u00e9rs\u00e9gben, hogy az itt feln\u00f6v\u0151 gener\u00e1ci\u00f3 min\u00e9l &hellip;<\/p>\n<p class=\"read-more\"> <a class=\"\" href=\"https:\/\/aquacut.hu\/de\/rolunk\/\"> <span class=\"screen-reader-text\">\u00dcber uns<\/span> Weiterlesen &raquo;<\/a><\/p>","protected":false},"author":1,"featured_media":0,"parent":0,"menu_order":0,"comment_status":"closed","ping_status":"closed","template":"","meta":{"site-sidebar-layout":"no-sidebar","site-content-layout":"page-builder","ast-site-content-layout":"","site-content-style":"default","site-sidebar-style":"default","ast-global-header-display":"","ast-banner-title-visibility":"","ast-main-header-display":"","ast-hfb-above-header-display":"","ast-hfb-below-header-display":"","ast-hfb-mobile-header-display":"","site-post-title":"disabled","ast-breadcrumbs-content":"","ast-featured-img":"disabled","footer-sml-layout":"","theme-transparent-header-meta":"enabled","adv-header-id-meta":"","stick-header-meta":"","header-above-stick-meta":"","header-main-stick-meta":"","header-below-stick-meta":"","astra-migrate-meta-layouts":"","footnotes":""},"class_list":["post-7","page","type-page","status-publish","hentry"],"_links":{"self":[{"href":"https:\/\/aquacut.hu\/de\/wp-json\/wp\/v2\/pages\/7","targetHints":{"allow":["GET"]}}],"collection":[{"href":"https:\/\/aquacut.hu\/de\/wp-json\/wp\/v2\/pages"}],"about":[{"href":"https:\/\/aquacut.hu\/de\/wp-json\/wp\/v2\/types\/page"}],"author":[{"embeddable":true,"href":"https:\/\/aquacut.hu\/de\/wp-json\/wp\/v2\/users\/1"}],"replies":[{"embeddable":true,"href":"https:\/\/aquacut.hu\/de\/wp-json\/wp\/v2\/comments?post=7"}],"version-history":[{"count":246,"href":"https:\/\/aquacut.hu\/de\/wp-json\/wp\/v2\/pages\/7\/revisions"}],"predecessor-version":[{"id":2223,"href":"https:\/\/aquacut.hu\/de\/wp-json\/wp\/v2\/pages\/7\/revisions\/2223"}],"wp:attachment":[{"href":"https:\/\/aquacut.hu\/de\/wp-json\/wp\/v2\/media?parent=7"}],"curies":[{"name":"wp","href":"https:\/\/api.w.org\/{rel}","templated":true}]}}