{"id":8,"date":"2018-11-26T12:46:25","date_gmt":"2018-11-26T11:46:25","guid":{"rendered":"https:\/\/webfox.hu\/aquacut\/product-2\/"},"modified":"2023-12-12T15:55:29","modified_gmt":"2023-12-12T14:55:29","slug":"palyazat","status":"publish","type":"page","link":"https:\/\/aquacut.hu\/en\/palyazat\/","title":{"rendered":"P\u00e1ly\u00e1zat"},"content":{"rendered":"<div data-elementor-type=\"wp-post\" data-elementor-id=\"8\" class=\"elementor elementor-8\" data-elementor-post-type=\"page\">\n\t\t\t\t\t\t\t\t\t<section data-dce-background-image-url=\"https:\/\/aquacut.hu\/wp-content\/uploads\/2023\/09\/20200422_1652210-1-scaled.jpg\" class=\"elementor-section elementor-top-section elementor-element elementor-element-39dabc18 elementor-section-content-middle elementor-section-boxed elementor-section-height-default elementor-section-height-default\" data-id=\"39dabc18\" data-element_type=\"section\" data-settings=\"{&quot;background_background&quot;:&quot;classic&quot;}\">\n\t\t\t\t\t\t\t<div class=\"elementor-background-overlay\"><\/div>\n\t\t\t\t\t\t\t<div class=\"elementor-container elementor-column-gap-no\">\n\t\t\t\t\t<div class=\"elementor-column elementor-col-100 elementor-top-column elementor-element elementor-element-f60585f\" data-id=\"f60585f\" data-element_type=\"column\">\n\t\t\t<div class=\"elementor-widget-wrap elementor-element-populated\">\n\t\t\t\t\t\t\t\t<div class=\"elementor-element elementor-element-438af913 elementor-widget elementor-widget-heading\" data-id=\"438af913\" data-element_type=\"widget\" data-widget_type=\"heading.default\">\n\t\t\t\t<div class=\"elementor-widget-container\">\n\t\t\t<style>\/*! elementor - v3.16.0 - 20-09-2023 *\/\n.elementor-heading-title{padding:0;margin:0;line-height:1}.elementor-widget-heading .elementor-heading-title[class*=elementor-size-]>a{color:inherit;font-size:inherit;line-height:inherit}.elementor-widget-heading .elementor-heading-title.elementor-size-small{font-size:15px}.elementor-widget-heading .elementor-heading-title.elementor-size-medium{font-size:19px}.elementor-widget-heading .elementor-heading-title.elementor-size-large{font-size:29px}.elementor-widget-heading .elementor-heading-title.elementor-size-xl{font-size:39px}.elementor-widget-heading .elementor-heading-title.elementor-size-xxl{font-size:59px}<\/style><h1 class=\"elementor-heading-title elementor-size-default\">P\u00e1ly\u00e1zat<\/h1>\t\t<\/div>\n\t\t\t\t<\/div>\n\t\t\t\t\t<\/div>\n\t\t<\/div>\n\t\t\t\t\t\t\t<\/div>\n\t\t<\/section>\n\t\t\t\t<section class=\"elementor-section elementor-top-section elementor-element elementor-element-961ce0d elementor-section-content-middle elementor-section-boxed elementor-section-height-default elementor-section-height-default\" data-id=\"961ce0d\" data-element_type=\"section\" data-settings=\"{&quot;background_background&quot;:&quot;classic&quot;}\">\n\t\t\t\t\t\t<div class=\"elementor-container elementor-column-gap-no\">\n\t\t\t\t\t<div class=\"elementor-column elementor-col-100 elementor-top-column elementor-element elementor-element-2765b8d\" data-id=\"2765b8d\" data-element_type=\"column\">\n\t\t\t<div class=\"elementor-widget-wrap elementor-element-populated\">\n\t\t\t\t\t\t\t\t<div class=\"elementor-element elementor-element-34db750 elementor-widget elementor-widget-heading\" data-id=\"34db750\" data-element_type=\"widget\" data-widget_type=\"heading.default\">\n\t\t\t\t<div class=\"elementor-widget-container\">\n\t\t\t<h3 class=\"elementor-heading-title elementor-size-default\">Az AQUACUT Kft. technol\u00f3giai fejleszt\u00e9se<\/h3>\t\t<\/div>\n\t\t\t\t<\/div>\n\t\t\t\t<div class=\"elementor-element elementor-element-833b432 elementor-widget elementor-widget-text-editor\" data-id=\"833b432\" data-element_type=\"widget\" data-widget_type=\"text-editor.default\">\n\t\t\t\t<div class=\"elementor-widget-container\">\n\t\t\t<style>\/*! elementor - v3.16.0 - 20-09-2023 *\/\n.elementor-widget-text-editor.elementor-drop-cap-view-stacked .elementor-drop-cap{background-color:#69727d;color:#fff}.elementor-widget-text-editor.elementor-drop-cap-view-framed .elementor-drop-cap{color:#69727d;border:3px solid;background-color:transparent}.elementor-widget-text-editor:not(.elementor-drop-cap-view-default) .elementor-drop-cap{margin-top:8px}.elementor-widget-text-editor:not(.elementor-drop-cap-view-default) .elementor-drop-cap-letter{width:1em;height:1em}.elementor-widget-text-editor .elementor-drop-cap{float:left;text-align:center;line-height:1;font-size:50px}.elementor-widget-text-editor .elementor-drop-cap-letter{display:inline-block}<\/style>\t\t\t\t<ul><li><p><strong>Kedvezm\u00e9nyezett neve: AQUACUT Kft.<\/strong><\/p><p><strong>Projekt azonos\u00edt\u00f3sz\u00e1ma:<\/strong> GINOP_PLUSZ-1.2.2-22-2022-00032<\/p><p><strong>Projekt c\u00edme:<\/strong> \u201eAz AQUACUT Kft. technol\u00f3giai fejleszt\u00e9se\u201d<\/p><p>\u00a0<\/p><p><strong>T\u00e1mogat\u00f3<\/strong>: P\u00e9nz\u00fcgyminiszt\u00e9rium<\/p><p><strong>Szerz\u0151d\u00f6tt t\u00e1mogat\u00e1s \u00f6sszege<\/strong>: 9 924 250,- Ft<\/p><p><strong>Projekt \u00f6sszk\u00f6lts\u00e9ge: <\/strong>14 177 500,- Ft<\/p><p><strong>A finansz\u00edroz\u00e1s t\u00edpusa:<\/strong> Eur\u00f3pai Region\u00e1lis Fejleszt\u00e9si Alap, vissza nem t\u00e9r\u00edtend\u0151 t\u00e1mogat\u00e1s<\/p><p><strong>T\u00e1mogat\u00e1s intenzit\u00e1sa:<\/strong> 70%<\/p><p><strong>A projekt megval\u00f3s\u00edt\u00e1si id\u0151szak\u00e1nak kezd\u0151 id\u0151pontja:<\/strong> 2022.06.01.<\/p><p><strong>A projekt fizikai befejez\u00e9s\u00e9nek id\u0151pontja:<\/strong> 2023.05.31.<\/p><p>\u00a0<\/p><p>Jelen projekt c\u00e9lja az AQUACUT Kft. fejleszt\u00e9s\u00e9nek t\u00e1mogat\u00e1sa, melynek keret\u00e9ben 1 db INVERTEC 400TPX-DC hegeszt\u0151g\u00e9p \u00e9s tartoz\u00e9kai, valamint 2 db PULSE SPEEDTEC 500SP PULSE multifunkci\u00f3s hegeszt\u0151g\u00e9p \u00e9s tartoz\u00e9kai ker\u00fclnek beszerz\u00e9sre a 7754 B\u00f3ly, Ipari Park III. utca 17. (hrsz. 1208) megval\u00f3s\u00edt\u00e1si helysz\u00ednre. E projekt keret\u00e9ben v\u00e1llalkoz\u00e1sunk f\u00e9mmegmunk\u00e1l\u00e1si tev\u00e9kenys\u00e9ge ker\u00fcl fejleszt\u00e9sre. Szolg\u00e1ltat\u00e1saink: g\u00e9palkatr\u00e9szgy\u00e1rt\u00e1s, ac\u00e9l szerkezet gy\u00e1rt\u00e1s, g\u00e9pv\u00e1zak gy\u00e1rt\u00e1sa \u00e9s lakatos ipari tev\u00e9kenys\u00e9gek. A cs\u00facsmin\u0151s\u00e9g\u0171 v\u00edzh\u0171t\u00e9ses hegeszt\u0151g\u00e9pek seg\u00edts\u00e9g\u00e9vel hat\u00e9konyabb\u00e1 \u00e9s gyorsabb\u00e1 tehetj\u00fck a munkav\u00e9gz\u00e9st.<\/p><p>Inform\u00e1ci\u00f3s technol\u00f3gia-fejleszt\u00e9sk\u00e9nt a projekt keret\u00e9ben \u00fczleti felh\u0151szolg\u00e1ltat\u00e1s ker\u00fcl beszerz\u00e9sre. A SEQUAR ERP komplex v\u00e1llalatir\u00e1ny\u00edt\u00e1si rendszer az al\u00e1bbi c\u00e9lter\u00fcleteket foglalja mag\u00e1ban: V\u00e1llalati CRM, \u00e9rt\u00e9kes\u00edt\u00e9si ter\u00fclet; Hum\u00e1n er\u0151forr\u00e1s menedzsment \u00e9s b\u00e9rsz\u00e1mfejt\u00e9s; Kontrolling \u00e9s d\u00f6nt\u00e9st\u00e1mogat\u00e1s; Beszerz\u00e9si, logisztikai ter\u00fclet; Gy\u00e1rt\u00e1sir\u00e1ny\u00edt\u00e1si rendszer; T\u00e1v- \u00e9s csoportmunka t\u00e1mogat\u00e1s; P\u00e9nz\u00fcgyi, sz\u00e1mviteli ter\u00fclet \u00e9s Munkafolyamat-ir\u00e1ny\u00edt\u00e1si rendszer (Workflow).<\/p><p>Ezen fel\u00fcl megval\u00f3sul a projekt szakmai megval\u00f3s\u00edt\u00e1shoz kapcsol\u00f3d\u00f3 k\u00f6zvetett k\u00f6lts\u00e9gek elsz\u00e1mol\u00e1sa.<\/p><p>\u00a0<\/p><p>A projekt hozz\u00e1j\u00e1rul a AQUACUT Kft. versenyk\u00e9pess\u00e9g\u00e9nek \u00e9s j\u00f6vedelemtermel\u0151 k\u00e9pess\u00e9g\u00e9nek n\u00f6vel\u00e9s\u00e9hez.<\/p><\/li><\/ul>\t\t\t\t\t\t<\/div>\n\t\t\t\t<\/div>\n\t\t\t\t\t<\/div>\n\t\t<\/div>\n\t\t\t\t\t\t\t<\/div>\n\t\t<\/section>\n\t\t\t\t<section class=\"elementor-section elementor-top-section elementor-element elementor-element-e160972 elementor-section-content-middle elementor-section-boxed elementor-section-height-default elementor-section-height-default\" data-id=\"e160972\" data-element_type=\"section\" data-settings=\"{&quot;background_background&quot;:&quot;classic&quot;}\">\n\t\t\t\t\t\t<div class=\"elementor-container elementor-column-gap-no\">\n\t\t\t\t\t<div class=\"elementor-column elementor-col-100 elementor-top-column elementor-element elementor-element-19602117\" data-id=\"19602117\" data-element_type=\"column\">\n\t\t\t<div class=\"elementor-widget-wrap elementor-element-populated\">\n\t\t\t\t\t\t\t\t<div class=\"elementor-element elementor-element-6c0e90d0 elementor-widget elementor-widget-heading\" data-id=\"6c0e90d0\" data-element_type=\"widget\" data-widget_type=\"heading.default\">\n\t\t\t\t<div class=\"elementor-widget-container\">\n\t\t\t<h3 class=\"elementor-heading-title elementor-size-default\">KAPACIT\u00c1SB\u0150V\u00cdT\u0150 CSARNOK\u00c9P\u00cdT\u00c9S \u00c9S ESZK\u00d6ZBESZERZ\u00c9S AZ AQUACUT KFT-N\u00c9L<\/h3>\t\t<\/div>\n\t\t\t\t<\/div>\n\t\t\t\t<div class=\"elementor-element elementor-element-6a013bdb elementor-widget elementor-widget-text-editor\" data-id=\"6a013bdb\" data-element_type=\"widget\" data-widget_type=\"text-editor.default\">\n\t\t\t\t<div class=\"elementor-widget-container\">\n\t\t\t\t\t\t\t<ul><li><p>a kedvezm\u00e9nyezett neve: AQUACUT Termel\u0151, Kereskedelmi \u00e9s Szolg\u00e1ltat\u00f3 Korl\u00e1tolt Felel\u0151ss\u00e9g\u0171 T\u00e1rsas\u00e1g<\/p><\/li><li><p>a projekt c\u00edme: Kapacit\u00e1sb\u0151v\u00edt\u0151 csarnok\u00e9p\u00edt\u00e9s \u00e9s eszk\u00f6zbeszerz\u00e9s az AQUACUT Kft-n\u00e9l<\/p><\/li><li><p>a szerz\u0151d\u00f6tt t\u00e1mogat\u00e1s \u00f6sszege: 49 989 750 Ft<\/p><\/li><li><p>a t\u00e1mogat\u00e1s m\u00e9rt\u00e9ke (%-ban): 30%<\/p><\/li><li><p>a projekt t\u00e9nyleges befejez\u00e9si d\u00e1tuma: 2019.06.30.<\/p><\/li><li><p>projekt azonos\u00edt\u00f3 sz\u00e1ma: GINOP-1.2.3-8-3-4-16-2017-00189<\/p><\/li><li><p>a v\u00e1llalkoz\u00e1s nyitva tart\u00e1sa: H-P 8-16<\/p><\/li><li><p>az utols\u00f3 friss\u00edt\u00e9s id\u0151pontja: 2019.06.30.<\/p><\/li><\/ul><p><br \/><strong>A projekt tartalma:<\/strong><\/p><p>A projekt keret\u00e9ben a f\u00e9mmegmunk\u00e1l\u00e1si tev\u00e9kenys\u00e9g\u00fcnkh\u00f6z kapcsol\u00f3d\u00f3 termel\u00e9si kapacit\u00e1sb\u0151v\u00edt\u00e9s val\u00f3sult meg, a termel\u00e9shez sz\u00fcks\u00e9ges, el\u00e9gtelen kapacit\u00e1s\u00fa, hi\u00e1nyos g\u00e9p\u00e1llom\u00e1nyunkat b\u0151v\u00edtett\u00fck \u00e9s \u00faj \u00fczemcsarnokot \u00e9p\u00edtett\u00fcnk.<\/p><p>A fejleszt\u00e9s c\u00e9lja az AQUACUT Kft. n\u00f6veked\u00e9si \u00e9s foglalkoztat\u00e1si potenci\u00e1lj\u00e1nak jav\u00edt\u00e1sa, gazdas\u00e1gi teljes\u00edtm\u00e9ny\u00e9nek er\u0151s\u00edt\u00e9se volt. A fejleszt\u00e9s eredm\u00e9nyek\u00e9ppen c\u00e9g\u00fcnk fejl\u0151d\u00e9s\u00e9t, termel\u00e9si kapacit\u00e1s\u00e1nak n\u00f6veked\u00e9s\u00e9t, gazdas\u00e1gban bet\u00f6lt\u00f6tt szerep\u00e9nek, piaci poz\u00edci\u00f3j\u00e1nak er\u0151s\u00f6d\u00e9s\u00e9t, munkahelyek megtart\u00e1s\u00e1t, illetve egy \u00faj munkahely l\u00e9trej\u00f6tt\u00e9t \u00e9rt\u00fck el. A beruh\u00e1z\u00e1s olyan kapacit\u00e1sb\u0151v\u00edt\u00e9st eredm\u00e9nyezett, amelyre t\u00e9nyleges piaci ig\u00e9ny mutatkozik. A fejleszt\u00e9s jav\u00edtotta c\u00e9g\u00fcnk technol\u00f3giai felk\u00e9sz\u00fclts\u00e9g\u00e9t, versenyk\u00e9pess\u00e9g\u00e9t \u00e9s er\u0151forr\u00e1s-hat\u00e9konys\u00e1g\u00e1t.<\/p><p>A projekt keret\u00e9ben l\u00e9trehozott \u00faj, modern \u00fczemcsarnokunk szerkezet\u00e9ben, feloszt\u00e1s\u00e1ban \u00e9s felszerelts\u00e9g\u00e9ben c\u00e9lzottan az AQUACUT Kft. tev\u00e9kenys\u00e9g\u00e9hez, ig\u00e9nyeihez igazodik, valamint a j\u00f6v\u0151ben sz\u00fcks\u00e9g szerint tov\u00e1bb b\u0151v\u00edthet\u0151.<\/p><p>A beszerzett 1 db ESAB Crossbow l\u00e1ng- \u00e9s plazmav\u00e1g\u00f3 g\u00e9p beszerz\u00e9se jelent\u0151s kapacit\u00e1sb\u0151v\u00edt\u00e9st \u00e9s piacszerz\u00e9st eredm\u00e9nyezett, mivel alv\u00e1llalkoz\u00f3 bevon\u00e1sa n\u00e9lk\u00fcl tudjuk a teljes termel\u00e9si folyamatot elv\u00e9gezni.<\/p><p>A nagy t\u00f6meg\u0171 nyersanyagok \u00e9s k\u00e9szterm\u00e9kek csarnokon bel\u00fcli, munka\u00e1llom\u00e1sok k\u00f6z\u00f6tti hat\u00e9konyabb mozgat\u00e1s\u00e1hoz 1 db SWF NOVA BSC 5 tonn\u00e1s, 19,32 m\u00e9teres egyf\u0151tart\u00f3s h\u00edddarut szerezt\u00fcnk be darup\u00e1ly\u00e1val.<\/p><p>A fejleszt\u00e9s hat\u00e1s\u00e1ra a 2019-es \u00e9vre minimum 15%-os forgalomn\u00f6veked\u00e9st prognosztiz\u00e1lunk. A technol\u00f3giafejleszt\u00e9ssel egyid\u0151ben n\u00f6velj\u00fck az alkalmazotti l\u00e9tsz\u00e1mot is. 1 f\u0151 szakk\u00e9pzett alkalmazottra van sz\u00fcks\u00e9g\u00fcnk, aki a plazmav\u00e1g\u00f3 g\u00e9ppel fog dolgozni.<\/p>\t\t\t\t\t\t<\/div>\n\t\t\t\t<\/div>\n\t\t\t\t\t<\/div>\n\t\t<\/div>\n\t\t\t\t\t\t\t<\/div>\n\t\t<\/section>\n\t\t\t\t\t\t\t<\/div>","protected":false},"excerpt":{"rendered":"<p>P\u00e1ly\u00e1zat Az AQUACUT Kft. technol\u00f3giai fejleszt\u00e9se Kedvezm\u00e9nyezett neve: AQUACUT Kft. Projekt azonos\u00edt\u00f3sz\u00e1ma: GINOP_PLUSZ-1.2.2-22-2022-00032 Projekt c\u00edme: \u201eAz AQUACUT Kft. technol\u00f3giai fejleszt\u00e9se\u201d \u00a0 T\u00e1mogat\u00f3: P\u00e9nz\u00fcgyminiszt\u00e9rium Szerz\u0151d\u00f6tt t\u00e1mogat\u00e1s \u00f6sszege: 9 924 250,- Ft Projekt \u00f6sszk\u00f6lts\u00e9ge: 14 177 500,- Ft A finansz\u00edroz\u00e1s t\u00edpusa: Eur\u00f3pai Region\u00e1lis Fejleszt\u00e9si Alap, vissza nem t\u00e9r\u00edtend\u0151 t\u00e1mogat\u00e1s T\u00e1mogat\u00e1s intenzit\u00e1sa: 70% A projekt megval\u00f3s\u00edt\u00e1si id\u0151szak\u00e1nak kezd\u0151 &hellip;<\/p>\n<p class=\"read-more\"> <a class=\"\" href=\"https:\/\/aquacut.hu\/en\/palyazat\/\"> <span class=\"screen-reader-text\">P\u00e1ly\u00e1zat<\/span> Read More &raquo;<\/a><\/p>","protected":false},"author":1,"featured_media":0,"parent":0,"menu_order":0,"comment_status":"closed","ping_status":"closed","template":"","meta":{"site-sidebar-layout":"no-sidebar","site-content-layout":"page-builder","ast-site-content-layout":"","site-content-style":"default","site-sidebar-style":"default","ast-global-header-display":"","ast-banner-title-visibility":"","ast-main-header-display":"","ast-hfb-above-header-display":"","ast-hfb-below-header-display":"","ast-hfb-mobile-header-display":"","site-post-title":"disabled","ast-breadcrumbs-content":"","ast-featured-img":"disabled","footer-sml-layout":"","theme-transparent-header-meta":"enabled","adv-header-id-meta":"","stick-header-meta":"","header-above-stick-meta":"","header-main-stick-meta":"","header-below-stick-meta":"","astra-migrate-meta-layouts":"","footnotes":""},"class_list":["post-8","page","type-page","status-publish","hentry"],"_links":{"self":[{"href":"https:\/\/aquacut.hu\/en\/wp-json\/wp\/v2\/pages\/8","targetHints":{"allow":["GET"]}}],"collection":[{"href":"https:\/\/aquacut.hu\/en\/wp-json\/wp\/v2\/pages"}],"about":[{"href":"https:\/\/aquacut.hu\/en\/wp-json\/wp\/v2\/types\/page"}],"author":[{"embeddable":true,"href":"https:\/\/aquacut.hu\/en\/wp-json\/wp\/v2\/users\/1"}],"replies":[{"embeddable":true,"href":"https:\/\/aquacut.hu\/en\/wp-json\/wp\/v2\/comments?post=8"}],"version-history":[{"count":11,"href":"https:\/\/aquacut.hu\/en\/wp-json\/wp\/v2\/pages\/8\/revisions"}],"predecessor-version":[{"id":2241,"href":"https:\/\/aquacut.hu\/en\/wp-json\/wp\/v2\/pages\/8\/revisions\/2241"}],"wp:attachment":[{"href":"https:\/\/aquacut.hu\/en\/wp-json\/wp\/v2\/media?parent=8"}],"curies":[{"name":"wp","href":"https:\/\/api.w.org\/{rel}","templated":true}]}}